{"id":147,"date":"2023-01-21T16:24:29","date_gmt":"2023-01-21T15:24:29","guid":{"rendered":"http:\/\/olqlkyl.cluster031.hosting.ovh.net\/?page_id=147"},"modified":"2023-01-21T17:44:13","modified_gmt":"2023-01-21T16:44:13","slug":"les-aventures-du-petit-chien","status":"publish","type":"page","link":"https:\/\/intermarionnette.fr\/index.php\/spectacles\/les-aventures-du-petit-chien\/","title":{"rendered":"Les Aventures du Petit Chien"},"content":{"rendered":"\n<p>Spectacle de marionnettes en lumi\u00e8re noire pour les enfants \u00e0 partir de 3 ans<\/p>\n\n\n\n<div class=\"wp-block-columns are-vertically-aligned-bottom is-layout-flex wp-container-core-columns-is-layout-28f84493 wp-block-columns-is-layout-flex\">\n<div class=\"wp-block-column is-vertically-aligned-bottom is-layout-flow wp-block-column-is-layout-flow\">\n<figure class=\"wp-block-image aligncenter size-large wp-duotone-default-filter\"><img loading=\"lazy\" decoding=\"async\" width=\"597\" height=\"416\" src=\"https:\/\/intermarionnette.fr\/wp-content\/uploads\/2023\/01\/7-1.jpg\" alt=\"\" class=\"wp-image-149\" srcset=\"https:\/\/intermarionnette.fr\/wp-content\/uploads\/2023\/01\/7-1.jpg 597w, https:\/\/intermarionnette.fr\/wp-content\/uploads\/2023\/01\/7-1-300x209.jpg 300w\" sizes=\"auto, (max-width: 597px) 100vw, 597px\" \/><\/figure>\n<\/div>\n\n\n\n<div class=\"wp-block-column is-vertically-aligned-bottom is-layout-flow wp-block-column-is-layout-flow\">\n<figure class=\"wp-block-image aligncenter size-large wp-duotone-default-filter\"><img loading=\"lazy\" decoding=\"async\" width=\"782\" height=\"1024\" src=\"https:\/\/intermarionnette.fr\/wp-content\/uploads\/2023\/01\/Chien-lune-782x1024.jpg\" alt=\"\" class=\"wp-image-151\" srcset=\"https:\/\/intermarionnette.fr\/wp-content\/uploads\/2023\/01\/Chien-lune-782x1024.jpg 782w, https:\/\/intermarionnette.fr\/wp-content\/uploads\/2023\/01\/Chien-lune-229x300.jpg 229w, https:\/\/intermarionnette.fr\/wp-content\/uploads\/2023\/01\/Chien-lune-768x1006.jpg 768w, https:\/\/intermarionnette.fr\/wp-content\/uploads\/2023\/01\/Chien-lune.jpg 823w\" sizes=\"auto, (max-width: 782px) 100vw, 782px\" \/><\/figure>\n<\/div>\n\n\n\n<div class=\"wp-block-column is-vertically-aligned-bottom is-layout-flow wp-block-column-is-layout-flow\">\n<figure class=\"wp-block-image aligncenter size-large wp-duotone-default-filter\"><img loading=\"lazy\" decoding=\"async\" width=\"1024\" height=\"699\" src=\"https:\/\/intermarionnette.fr\/wp-content\/uploads\/2023\/01\/Vache-1-1024x699.jpg\" alt=\"\" class=\"wp-image-150\" srcset=\"https:\/\/intermarionnette.fr\/wp-content\/uploads\/2023\/01\/Vache-1-1024x699.jpg 1024w, https:\/\/intermarionnette.fr\/wp-content\/uploads\/2023\/01\/Vache-1-300x205.jpg 300w, https:\/\/intermarionnette.fr\/wp-content\/uploads\/2023\/01\/Vache-1-768x524.jpg 768w, https:\/\/intermarionnette.fr\/wp-content\/uploads\/2023\/01\/Vache-1.jpg 1436w\" sizes=\"auto, (max-width: 1024px) 100vw, 1024px\" \/><\/figure>\n<\/div>\n<\/div>\n\n\n\n<p>Il \u00e9tait une fois, un <strong>Petit Chien<\/strong> qui avait un grand d\u00e9faut, il ne savait pas aboyer ! Comme tout le monde se moquait de lui, il d\u00e9cida de partir \u00e0 la recherche de quelqu&rsquo;un qui pourrait le lui apprendre.<\/p>\n\n\n\n<p>Et l&rsquo;aventure commence, parsem\u00e9e de rencontres dr\u00f4les, inattendues, et parfois dangereuses. Qui du <strong>Cochon<\/strong>, de la <strong>Vache<\/strong> ou m\u00eame du <strong>Coq <\/strong>va oser reconna\u00eetre qu&rsquo;il ne sait pas aboyer ? Chacun, d\u00e9concert\u00e9 par la demande du petit chien, va chercher \u00e0 en profiter pour satisfaire l&rsquo;un sa gourmandise, l&rsquo;autre sa vengeance ou bien encore sa vanit\u00e9. Perdu dans la grande for\u00eat toute noire, le petit chien va rencontrer un <strong>Poussin<\/strong> \u00e9gar\u00e9. Et c&rsquo;est gr\u00e2ce \u00e0 l&rsquo;amiti\u00e9 qui va les unir face au <strong>Renard<\/strong> affam\u00e9, que le petit chien courageux va d\u00e9couvrir naturellement comment aboyer pour d\u00e9fendre son amie.<\/p>\n\n\n\n<div class=\"wp-block-columns are-vertically-aligned-bottom is-layout-flex wp-container-core-columns-is-layout-28f84493 wp-block-columns-is-layout-flex\">\n<div class=\"wp-block-column is-vertically-aligned-bottom is-layout-flow wp-block-column-is-layout-flow\">\n<figure class=\"wp-block-image size-full wp-duotone-default-filter\"><img loading=\"lazy\" decoding=\"async\" width=\"984\" height=\"650\" src=\"https:\/\/intermarionnette.fr\/wp-content\/uploads\/2023\/01\/Coq.jpg\" alt=\"\" class=\"wp-image-155\" srcset=\"https:\/\/intermarionnette.fr\/wp-content\/uploads\/2023\/01\/Coq.jpg 984w, https:\/\/intermarionnette.fr\/wp-content\/uploads\/2023\/01\/Coq-300x198.jpg 300w, https:\/\/intermarionnette.fr\/wp-content\/uploads\/2023\/01\/Coq-768x507.jpg 768w\" sizes=\"auto, (max-width: 984px) 100vw, 984px\" \/><\/figure>\n<\/div>\n\n\n\n<div class=\"wp-block-column is-vertically-aligned-bottom is-layout-flow wp-block-column-is-layout-flow\">\n<figure class=\"wp-block-image size-large wp-duotone-default-filter\"><img loading=\"lazy\" decoding=\"async\" width=\"1024\" height=\"622\" src=\"https:\/\/intermarionnette.fr\/wp-content\/uploads\/2023\/01\/Chien-2-1024x622.jpg\" alt=\"\" class=\"wp-image-152\" srcset=\"https:\/\/intermarionnette.fr\/wp-content\/uploads\/2023\/01\/Chien-2-1024x622.jpg 1024w, https:\/\/intermarionnette.fr\/wp-content\/uploads\/2023\/01\/Chien-2-300x182.jpg 300w, https:\/\/intermarionnette.fr\/wp-content\/uploads\/2023\/01\/Chien-2-768x466.jpg 768w, https:\/\/intermarionnette.fr\/wp-content\/uploads\/2023\/01\/Chien-2-1536x933.jpg 1536w, https:\/\/intermarionnette.fr\/wp-content\/uploads\/2023\/01\/Chien-2.jpg 2045w\" sizes=\"auto, (max-width: 1024px) 100vw, 1024px\" \/><\/figure>\n<\/div>\n\n\n\n<div class=\"wp-block-column is-vertically-aligned-bottom is-layout-flow wp-block-column-is-layout-flow\">\n<figure class=\"wp-block-image size-large wp-duotone-default-filter\"><img loading=\"lazy\" decoding=\"async\" width=\"1024\" height=\"742\" src=\"https:\/\/intermarionnette.fr\/wp-content\/uploads\/2023\/01\/Renard-1024x742.jpg\" alt=\"\" class=\"wp-image-154\" srcset=\"https:\/\/intermarionnette.fr\/wp-content\/uploads\/2023\/01\/Renard-1024x742.jpg 1024w, https:\/\/intermarionnette.fr\/wp-content\/uploads\/2023\/01\/Renard-300x217.jpg 300w, https:\/\/intermarionnette.fr\/wp-content\/uploads\/2023\/01\/Renard-768x557.jpg 768w, https:\/\/intermarionnette.fr\/wp-content\/uploads\/2023\/01\/Renard.jpg 1272w\" sizes=\"auto, (max-width: 1024px) 100vw, 1024px\" \/><\/figure>\n<\/div>\n<\/div>\n\n\n\n<figure class=\"wp-block-embed is-type-video is-provider-youtube wp-block-embed-youtube wp-embed-aspect-4-3 wp-has-aspect-ratio\"><div class=\"wp-block-embed__wrapper\">\n<iframe loading=\"lazy\" title=\"Les Aventures du Petit Chien - Spectacle en lumi\u00e8re noire\" width=\"500\" height=\"375\" src=\"https:\/\/www.youtube.com\/embed\/LhHHzazHhRw?feature=oembed\" frameborder=\"0\" allow=\"accelerometer; autoplay; clipboard-write; encrypted-media; gyroscope; picture-in-picture; web-share\" referrerpolicy=\"strict-origin-when-cross-origin\" allowfullscreen><\/iframe>\n<\/div><\/figure>\n\n\n\n<h2 class=\"wp-block-heading\">Fiche technique<\/h2>\n\n\n\n<div class=\"wp-block-file\"><a id=\"wp-block-file--media-6b5d0451-3e87-4fce-968f-260869329889\" href=\"https:\/\/intermarionnette.fr\/wp-content\/uploads\/2023\/01\/fiche-technique-chien.pdf\">fiche-technique-chien<\/a><a href=\"https:\/\/intermarionnette.fr\/wp-content\/uploads\/2023\/01\/fiche-technique-chien.pdf\" class=\"wp-block-file__button wp-element-button\" download aria-describedby=\"wp-block-file--media-6b5d0451-3e87-4fce-968f-260869329889\">T\u00e9l\u00e9charger<\/a><\/div>\n","protected":false},"excerpt":{"rendered":"<p>Spectacle de marionnettes en lumi\u00e8re noire pour les enfants \u00e0 partir de 3 ans Il \u00e9tait une fois, un Petit Chien qui avait un grand d\u00e9faut, il ne savait pas aboyer ! Comme tout le monde se moquait de lui, il d\u00e9cida de partir \u00e0 la recherche de quelqu&rsquo;un qui pourrait le lui apprendre. Et [&hellip;]<\/p>\n","protected":false},"author":1,"featured_media":0,"parent":99,"menu_order":2,"comment_status":"closed","ping_status":"closed","template":"","meta":{"_eb_attr":"","footnotes":""},"class_list":["post-147","page","type-page","status-publish","hentry"],"_links":{"self":[{"href":"https:\/\/intermarionnette.fr\/index.php\/wp-json\/wp\/v2\/pages\/147","targetHints":{"allow":["GET"]}}],"collection":[{"href":"https:\/\/intermarionnette.fr\/index.php\/wp-json\/wp\/v2\/pages"}],"about":[{"href":"https:\/\/intermarionnette.fr\/index.php\/wp-json\/wp\/v2\/types\/page"}],"author":[{"embeddable":true,"href":"https:\/\/intermarionnette.fr\/index.php\/wp-json\/wp\/v2\/users\/1"}],"replies":[{"embeddable":true,"href":"https:\/\/intermarionnette.fr\/index.php\/wp-json\/wp\/v2\/comments?post=147"}],"version-history":[{"count":5,"href":"https:\/\/intermarionnette.fr\/index.php\/wp-json\/wp\/v2\/pages\/147\/revisions"}],"predecessor-version":[{"id":194,"href":"https:\/\/intermarionnette.fr\/index.php\/wp-json\/wp\/v2\/pages\/147\/revisions\/194"}],"up":[{"embeddable":true,"href":"https:\/\/intermarionnette.fr\/index.php\/wp-json\/wp\/v2\/pages\/99"}],"wp:attachment":[{"href":"https:\/\/intermarionnette.fr\/index.php\/wp-json\/wp\/v2\/media?parent=147"}],"curies":[{"name":"wp","href":"https:\/\/api.w.org\/{rel}","templated":true}]}}